{"id":102,"date":"2013-12-08T15:26:02","date_gmt":"2013-12-08T13:26:02","guid":{"rendered":"http:\/\/www.gartenderhoffnung.org\/?page_id=102"},"modified":"2024-05-09T19:17:34","modified_gmt":"2024-05-09T17:17:34","slug":"projektpartner","status":"publish","type":"page","link":"https:\/\/www.gartenderhoffnung.org\/?page_id=102","title":{"rendered":"Projektpartner"},"content":{"rendered":"<p><strong>F\u00f6rdergeber:<\/strong><\/p>\n<p><strong><a href=\"http:\/\/www.aktivfuermenschen.at\/\">AMINA \u2013 aktiv f\u00fcr Menschen in Not<\/a><\/strong><br \/>Wien, Austria<\/p>\n<p><strong><a href=\"http:\/\/www.bmeia.gv.at\/fr\/ambassade\/dakar\/lambassade.html \">\u00d6sterreichische Botschaft Dakar<\/a><\/strong><br \/>Dakar, Senegal<\/p>\n<p><a href=\"https:\/\/www.ubuntuhelp.org\/\"><strong>UBUNTUHELP<\/strong><\/a><br \/>Wien, Austria<\/p>\n<p><strong><br \/>Unterst\u00fctzer:<\/strong><\/p>\n<p>Zubereitung der Mahlzeiten f\u00fcr die Kinder:<br \/><span style=\"color: #800000;\"><strong>GROUPEMENT D\u00b4INTERET\u00a0ECONOMIQUE<\/strong><\/span><br \/>GIE\u00a0\u201eFULA\u00a0AK\u00a0FAYDA\u201c<br \/>RC\u00a0No.\u00a0SN-ST-L-2004\u00a0C-1374<br \/>Si\u00e8ge\u00a0Social:\u00a0Cit\u00e9\u00a0Niakh\u2013\u00a0Sor<br \/>TEL.:\u00a0(00221)\u00a077\u00a0616\u00a020\u00a080<br \/>SAINT-LOUIS<\/p>\n<p><a href=\"http:\/\/www.henkel.at\/mit-initiative-16944.htm\" target=\"_blank\" rel=\"noopener noreferrer\"><strong>Henkel Central Eastern Europe GmbH<\/strong><\/a><br \/>Erdbergstra\u00dfe 29<br \/>1030 Wien<br \/>Tel:\u00a0\u00a0 01 71104 0<br \/>Fax: 01 71104 2523<\/p>\n<p>Webseite:<br \/><strong><a href=\"http:\/\/www.posegga.art\">Mag. Susanne Posegga\u00a0<\/a> <br \/><\/strong>Konzept, Gestaltung, Produktion<br \/>Ottensheim, Austria<\/p>\n\n\n<p><\/p>\n\n\n\n<p><\/p>\n\n\n\n<p><\/p>\n\n\n\n<p><\/p>\n\n\n\n<p><\/p>\n\n\n\n<p><\/p>\n\n\n\n<p><\/p>\n","protected":false},"excerpt":{"rendered":"<p>F\u00f6rdergeber: AMINA \u2013 aktiv f\u00fcr Menschen in NotWien, Austria \u00d6sterreichische Botschaft DakarDakar, Senegal UBUNTUHELPWien, Austria Unterst\u00fctzer: Zubereitung der Mahlzeiten f\u00fcr die Kinder:GROUPEMENT D\u00b4INTERET\u00a0ECONOMIQUEGIE\u00a0\u201eFULA\u00a0AK\u00a0FAYDA\u201cRC\u00a0No.\u00a0SN-ST-L-2004\u00a0C-1374Si\u00e8ge\u00a0Social:\u00a0Cit\u00e9\u00a0Niakh\u2013\u00a0SorTEL.:\u00a0(00221)\u00a077\u00a0616\u00a020\u00a080SAINT-LOUIS Henkel Central Eastern Europe GmbHErdbergstra\u00dfe 291030 WienTel:\u00a0\u00a0 01 71104 0Fax: 01 71104 2523 Webseite:Mag. Susanne Posegga\u00a0 Konzept, Gestaltung, ProduktionOttensheim, Austria<\/p>\n","protected":false},"author":1,"featured_media":0,"parent":0,"menu_order":7,"comment_status":"closed","ping_status":"closed","template":"","meta":[],"_links":{"self":[{"href":"https:\/\/www.gartenderhoffnung.org\/index.php?rest_route=\/wp\/v2\/pages\/102"}],"collection":[{"href":"https:\/\/www.gartenderhoffnung.org\/index.php?rest_route=\/wp\/v2\/pages"}],"about":[{"href":"https:\/\/www.gartenderhoffnung.org\/index.php?rest_route=\/wp\/v2\/types\/page"}],"author":[{"embeddable":true,"href":"https:\/\/www.gartenderhoffnung.org\/index.php?rest_route=\/wp\/v2\/users\/1"}],"replies":[{"embeddable":true,"href":"https:\/\/www.gartenderhoffnung.org\/index.php?rest_route=%2Fwp%2Fv2%2Fcomments&post=102"}],"version-history":[{"count":18,"href":"https:\/\/www.gartenderhoffnung.org\/index.php?rest_route=\/wp\/v2\/pages\/102\/revisions"}],"predecessor-version":[{"id":1421,"href":"https:\/\/www.gartenderhoffnung.org\/index.php?rest_route=\/wp\/v2\/pages\/102\/revisions\/1421"}],"wp:attachment":[{"href":"https:\/\/www.gartenderhoffnung.org\/index.php?rest_route=%2Fwp%2Fv2%2Fmedia&parent=102"}],"curies":[{"name":"wp","href":"https:\/\/api.w.org\/{rel}","templated":true}]}}