{"id":1138,"date":"2020-05-23T18:41:48","date_gmt":"2020-05-23T16:41:48","guid":{"rendered":"http:\/\/www.gartenderhoffnung.org\/?page_id=1138"},"modified":"2020-05-23T18:41:49","modified_gmt":"2020-05-23T16:41:49","slug":"soutenez-lassociation-dans-son-projet-dequipement-de-son-nouveau-centre-daccueil","status":"publish","type":"page","link":"https:\/\/www.gartenderhoffnung.org\/?page_id=1138","title":{"rendered":"Soutenez l&#8217;Association dans son projet d&#8217;\u00e9quipement de son nouveau Centre d&#8217;Accueil"},"content":{"rendered":"\n<p><strong>Madame, Monsieur&nbsp;!<\/strong><\/p>\n\n\n\n<p>Dans le cadre de son <strong>Projet d\u00b4\u00e9ducation, de formation et d\u2019insertion sociale des Enfants Talib\u00e9s, <\/strong>l\u00b4Association Jardin d\u00b4Espoir S\u00e9n\u00e9gal, construit un nouveau Centre d\u2019Accueil qu\u2019elle compte inaugurer officiellement le 17 avril 2019 au quartier Ndiolof\u00e8ne de Saint-Louis.<\/p>\n\n\n\n<p>Notre association, qui travaille avec les Daaras depuis 2006, permet \u00e0 150 Talib\u00e9s de b\u00e9n\u00e9ficier d\u2019un programme allant dans le sens d\u2019am\u00e9liorer leurs conditions de vie \u00e0 savoir&nbsp;:<\/p>\n\n\n\n<ul><li>&#8211;&nbsp;&nbsp;&nbsp;&nbsp;&nbsp;&nbsp;&nbsp; Cours d\u2019alphab\u00e9tisation en Fran\u00e7ais<\/li><li>&#8211;&nbsp;&nbsp;&nbsp;&nbsp;&nbsp;&nbsp;&nbsp; Modules de formation en jardinage, en menuiserie, en couture et en informatique<\/li><li>&#8211;&nbsp;&nbsp;&nbsp;&nbsp;&nbsp;&nbsp;&nbsp; Soins de sant\u00e9 primaire et une formation en sant\u00e9 primaire<\/li><li>&#8211;&nbsp;&nbsp;&nbsp;&nbsp;&nbsp;&nbsp;&nbsp; Suppl\u00e9ments alimentaires (distribution de repas dans les \u00e9coles coraniques)<\/li><li>&#8211;&nbsp;&nbsp;&nbsp;&nbsp;&nbsp;&nbsp;&nbsp; Sensibilisation sur hygi\u00e8ne vestimentaire et corporelle (suivie de distribution de v\u00eatements)<\/li><li>&#8211;&nbsp;&nbsp;&nbsp;&nbsp;&nbsp;&nbsp;&nbsp; Activit\u00e9s sportives, ludiques, de loisirs et d\u2019\u00e9panouissement (football, babyfoot, excursions).<\/li><li>&#8211;&nbsp;&nbsp;&nbsp;&nbsp;&nbsp;&nbsp;&nbsp; Suppl\u00e9ment alimentaire (des petits-d\u00e9jeuners et des go\u00fbters seront offerts au Centre d\u2019accueil)<\/li><\/ul>\n\n\n\n<p>Nous venons ainsi solliciter aupr\u00e8s de vous un appui en mat\u00e9riels et \u00e9quipements relatifs aux activit\u00e9s \u00e9num\u00e9r\u00e9es ci-dessus&nbsp;et dont la liste exhaustive est jointe en annexe:<\/p>\n\n\n\n<p>En effet, l\u2019acquisition de cette liste de mat\u00e9riels permettra \u00e0 l\u00b4Association Jardin d\u00b4Espoir S\u00e9n\u00e9gal de mieux jouer son r\u00f4le d\u2019avant-gardiste de lutte contre la sant\u00e9 pr\u00e9caire, la mendicit\u00e9 et la malnutrition&nbsp; des talib\u00e9s afin qu\u2019ils puissent consacrer plus de temps aux \u00e9tudes et \u00e0 leur formation citoyenne.<\/p>\n\n\n\n<p>Tout en comptant sur votre disponibilit\u00e9 et votre amour pour l\u00b4enfance d\u00e9sh\u00e9rit\u00e9e, nous vous prions de recevoir, Madame\/Monsieur, l\u00b4expression de nos sentiments tr\u00e8s distingu\u00e9s et de nos meilleurs v\u0153ux de bonne et heureuse ann\u00e9e.&nbsp;&nbsp;<\/p>\n\n\n\n<p><em>_________________________________________________________<\/em><\/p>\n\n\n\n<p><strong>ASSOCIATION JARDIN D\u00b4ESPOIR SENEGAL &nbsp;&nbsp;&nbsp;&nbsp;&nbsp;&nbsp;<\/strong><\/p>\n\n\n\n<p>R\u00e9cepiss\u00e9 No. 00661\/GRSL\/AA du 21\/05\/07<\/p>\n\n\n\n<p>Si\u00e8ge social: 12, Rue Leybar, Ndiolof\u00e8ne, Sor<\/p>\n\n\n\n<p>SAINT-LOUIS\/S\u00e9n\u00e9gal<\/p>\n\n\n\n<p>T\u00e9l. :&nbsp; 77 447 84 27&nbsp;&nbsp;&nbsp; &#8211; &nbsp;&nbsp; 77 542 30 05<\/p>\n\n\n\n<p>e-Mail&nbsp;: <a href=\"mailto:jardindespoirsenegal@gmail.com\">jardindespoirsenegal@gmail.com<\/a><\/p>\n\n\n\n<p>Compte bancaire: Ecobank N\u00b0 141018900901<\/p>\n","protected":false},"excerpt":{"rendered":"<p>Madame, Monsieur&nbsp;! Dans le cadre de son Projet d\u00b4\u00e9ducation, de formation et d\u2019insertion sociale des Enfants Talib\u00e9s, l\u00b4Association Jardin d\u00b4Espoir S\u00e9n\u00e9gal, construit un nouveau Centre d\u2019Accueil qu\u2019elle compte inaugurer officiellement le 17 avril 2019 au quartier Ndiolof\u00e8ne de Saint-Louis. Notre association, qui travaille avec les Daaras depuis 2006, permet \u00e0 150 Talib\u00e9s de b\u00e9n\u00e9ficier d\u2019un &hellip; <a href=\"https:\/\/www.gartenderhoffnung.org\/?page_id=1138\" class=\"more-link\"><span class=\"screen-reader-text\">Soutenez l&#8217;Association dans son projet d&#8217;\u00e9quipement de son nouveau Centre d&#8217;Accueil<\/span> weiterlesen <span class=\"meta-nav\">&rarr;<\/span><\/a><\/p>\n","protected":false},"author":4,"featured_media":993,"parent":83,"menu_order":0,"comment_status":"closed","ping_status":"closed","template":"","meta":[],"_links":{"self":[{"href":"https:\/\/www.gartenderhoffnung.org\/index.php?rest_route=\/wp\/v2\/pages\/1138"}],"collection":[{"href":"https:\/\/www.gartenderhoffnung.org\/index.php?rest_route=\/wp\/v2\/pages"}],"about":[{"href":"https:\/\/www.gartenderhoffnung.org\/index.php?rest_route=\/wp\/v2\/types\/page"}],"author":[{"embeddable":true,"href":"https:\/\/www.gartenderhoffnung.org\/index.php?rest_route=\/wp\/v2\/users\/4"}],"replies":[{"embeddable":true,"href":"https:\/\/www.gartenderhoffnung.org\/index.php?rest_route=%2Fwp%2Fv2%2Fcomments&post=1138"}],"version-history":[{"count":1,"href":"https:\/\/www.gartenderhoffnung.org\/index.php?rest_route=\/wp\/v2\/pages\/1138\/revisions"}],"predecessor-version":[{"id":1153,"href":"https:\/\/www.gartenderhoffnung.org\/index.php?rest_route=\/wp\/v2\/pages\/1138\/revisions\/1153"}],"up":[{"embeddable":true,"href":"https:\/\/www.gartenderhoffnung.org\/index.php?rest_route=\/wp\/v2\/pages\/83"}],"wp:featuredmedia":[{"embeddable":true,"href":"https:\/\/www.gartenderhoffnung.org\/index.php?rest_route=\/wp\/v2\/media\/993"}],"wp:attachment":[{"href":"https:\/\/www.gartenderhoffnung.org\/index.php?rest_route=%2Fwp%2Fv2%2Fmedia&parent=1138"}],"curies":[{"name":"wp","href":"https:\/\/api.w.org\/{rel}","templated":true}]}}