{"id":117,"date":"2013-12-14T23:14:49","date_gmt":"2013-12-14T21:14:49","guid":{"rendered":"http:\/\/www.gartenderhoffnung.org\/?page_id=117"},"modified":"2013-12-14T23:28:09","modified_gmt":"2013-12-14T21:28:09","slug":"geschichte","status":"publish","type":"page","link":"https:\/\/www.gartenderhoffnung.org\/?page_id=117","title":{"rendered":"Wer sind wir?"},"content":{"rendered":"<p style=\"text-align: left;\" align=\"center\"><b>GARTEN DER HOFFNUNG SENEGAL<\/b><\/p>\n<p style=\"text-align: left;\" align=\"center\"><b>Wer sind wir?<\/b><\/p>\n<p>Mit Sitz in Saint Louis im Senegal sind wir ein gemeinn\u00fctziger senegalesischer Verein, dessen Ziel es ist, die Talib\u00e9 -Kinder in der Stadt Saint Louis im Senegal mit einem \u00fcbergreifenden Programm (von dringender Sozialhilfe bis zur begleitenden langfristigen Unterst\u00fctzung auf dem Gebiet Gesundheit, Freizeitgestaltung, Erziehung und Eingliederung in die Gesellschaft, usw..) zu unterst\u00fctzen und \u00a0zu begleiten. Diese Aktivit\u00e4ten werden im Betreuungszentrum und vor Ort durchgef\u00fchrt.<\/p>\n<p>Gegr\u00fcndet im Jahr 2006 von einer Gruppe von Personen, die aus dem Gesundheits- und Sozialbereich sowohl aus dem Senegal, als auch aus der Schweiz stammen, hat \u201eGarten der Hoffnung Senegal\u201c Tag f\u00fcr Tag und mehr als 3 Jahre lang mehr als 110 Talib\u00e9s begleitet,\u00a0 bis der Verein sein Betreuungszentrum wegen einer fehlenden Finanzierung verlor und so seine Aktivit\u00e4ten auf die Betreuung vor Ort reduzieren musste.<\/p>\n<p>Da sich der Verein \u201eGarten der Hoffnung Senegal\u201c auf seine Kenntnisse vor Ort und die spezifischen Probleme der Talib\u00e9-Kinder, ebenso wie auf die mehrj\u00e4hrige Erfahrung in der Begleitung der Talib\u00e9s und die Mediation mit anderen Beteiligten beziehen kann, m\u00f6chte der Verein heute seine gesamten Aktivit\u00e4ten wieder aufnehmen (auch jene, die im Betreuungszentrum durchgef\u00fchrt werden m\u00fcssen) und zwar mit Hilfe (vor allem technischer Art) eines franz\u00f6sischen Vereins mit demselben Namen, der speziell daf\u00fcr gegr\u00fcndet wurde, \u00a0die Wiederaufnahme dieser Aktivit\u00e4ten und deren dauerhafte Sicherung \u00a0zu unterst\u00fctzen.<\/p>\n<p>&nbsp;<\/p>\n<p>&nbsp;<\/p>\n<p>&nbsp;<\/p>\n<p>&nbsp;<\/p>\n","protected":false},"excerpt":{"rendered":"<p>GARTEN DER HOFFNUNG SENEGAL Wer sind wir? Mit Sitz in Saint Louis im Senegal sind wir ein gemeinn\u00fctziger senegalesischer Verein, dessen Ziel es ist, die Talib\u00e9 -Kinder in der Stadt Saint Louis im Senegal mit einem \u00fcbergreifenden Programm (von dringender Sozialhilfe bis zur begleitenden langfristigen Unterst\u00fctzung auf dem Gebiet Gesundheit, Freizeitgestaltung, Erziehung und Eingliederung in &hellip; <a href=\"https:\/\/www.gartenderhoffnung.org\/?page_id=117\" class=\"more-link\"><span class=\"screen-reader-text\">Wer sind wir?<\/span> weiterlesen <span class=\"meta-nav\">&rarr;<\/span><\/a><\/p>\n","protected":false},"author":1,"featured_media":0,"parent":70,"menu_order":0,"comment_status":"closed","ping_status":"closed","template":"","meta":[],"_links":{"self":[{"href":"https:\/\/www.gartenderhoffnung.org\/index.php?rest_route=\/wp\/v2\/pages\/117"}],"collection":[{"href":"https:\/\/www.gartenderhoffnung.org\/index.php?rest_route=\/wp\/v2\/pages"}],"about":[{"href":"https:\/\/www.gartenderhoffnung.org\/index.php?rest_route=\/wp\/v2\/types\/page"}],"author":[{"embeddable":true,"href":"https:\/\/www.gartenderhoffnung.org\/index.php?rest_route=\/wp\/v2\/users\/1"}],"replies":[{"embeddable":true,"href":"https:\/\/www.gartenderhoffnung.org\/index.php?rest_route=%2Fwp%2Fv2%2Fcomments&post=117"}],"version-history":[{"count":6,"href":"https:\/\/www.gartenderhoffnung.org\/index.php?rest_route=\/wp\/v2\/pages\/117\/revisions"}],"predecessor-version":[{"id":143,"href":"https:\/\/www.gartenderhoffnung.org\/index.php?rest_route=\/wp\/v2\/pages\/117\/revisions\/143"}],"up":[{"embeddable":true,"href":"https:\/\/www.gartenderhoffnung.org\/index.php?rest_route=\/wp\/v2\/pages\/70"}],"wp:attachment":[{"href":"https:\/\/www.gartenderhoffnung.org\/index.php?rest_route=%2Fwp%2Fv2%2Fmedia&parent=117"}],"curies":[{"name":"wp","href":"https:\/\/api.w.org\/{rel}","templated":true}]}}