{"id":126,"date":"2013-12-14T23:15:51","date_gmt":"2013-12-14T21:15:51","guid":{"rendered":"http:\/\/www.gartenderhoffnung.org\/?page_id=126"},"modified":"2013-12-14T23:15:51","modified_gmt":"2013-12-14T21:15:51","slug":"methodologie","status":"publish","type":"page","link":"https:\/\/www.gartenderhoffnung.org\/?page_id=126","title":{"rendered":"Methodologie"},"content":{"rendered":"<p><b>Methodologie<\/b><\/p>\n<p>Wir arbeiten mit den Marabouts zusammen, damit sie sich unserem Programm anschlie\u00dfen und sich mehr auf die Verbesserung der Lebensbedingungen der Talibes einlassen. Die Aktivit\u00e4ten des Vereins sind eine Erg\u00e4nzung zu den Koranschulen. Der Verein bietet das an, was die Koranschulen den Kindern oft nicht bieten k\u00f6nnen.<\/p>\n<p>Dringende Sozialhilfe (Gesundheit, Hygiene, Ern\u00e4hrung..), die spielerischen Aktivit\u00e4ten (Spiele, Ateliers, Fu\u00dfball..) sind nicht nur Aktivit\u00e4ten, die dazu dienen, den vitalen Bed\u00fcrfnissen und der Entstigmatisierung der Talib\u00e9-Kinder einigerma\u00dfen entgegen zu kommen, sondern es handelt sich auch um Aktivit\u00e4ten, die als Anbindung f\u00fcr mittlere oder l\u00e4ngere begleitende Ma\u00dfnahmen individueller Art gelten k\u00f6nnen. So geht man von Aktivit\u00e4ten aus, die eine gro\u00dfe Zahl Kinder betreffen, um zu individuellen begleitenden Ma\u00dfnahmen zu kommen, die es dem Kind erlauben, ein eigenes Projekt f\u00fcr sein Erwachsenwerden aufzubauen.<\/p>\n<p>Wir arbeiten in und mit der Gemeinschaft und involvieren so weit als m\u00f6glich die sozialen, institutionellen und gemeinschaftlichen Akteure.<\/p>\n","protected":false},"excerpt":{"rendered":"<p>Methodologie Wir arbeiten mit den Marabouts zusammen, damit sie sich unserem Programm anschlie\u00dfen und sich mehr auf die Verbesserung der Lebensbedingungen der Talibes einlassen. Die Aktivit\u00e4ten des Vereins sind eine Erg\u00e4nzung zu den Koranschulen. Der Verein bietet das an, was die Koranschulen den Kindern oft nicht bieten k\u00f6nnen. Dringende Sozialhilfe (Gesundheit, Hygiene, Ern\u00e4hrung..), die spielerischen &hellip; <a href=\"https:\/\/www.gartenderhoffnung.org\/?page_id=126\" class=\"more-link\"><span class=\"screen-reader-text\">Methodologie<\/span> weiterlesen <span class=\"meta-nav\">&rarr;<\/span><\/a><\/p>\n","protected":false},"author":1,"featured_media":0,"parent":70,"menu_order":0,"comment_status":"closed","ping_status":"closed","template":"","meta":[],"_links":{"self":[{"href":"https:\/\/www.gartenderhoffnung.org\/index.php?rest_route=\/wp\/v2\/pages\/126"}],"collection":[{"href":"https:\/\/www.gartenderhoffnung.org\/index.php?rest_route=\/wp\/v2\/pages"}],"about":[{"href":"https:\/\/www.gartenderhoffnung.org\/index.php?rest_route=\/wp\/v2\/types\/page"}],"author":[{"embeddable":true,"href":"https:\/\/www.gartenderhoffnung.org\/index.php?rest_route=\/wp\/v2\/users\/1"}],"replies":[{"embeddable":true,"href":"https:\/\/www.gartenderhoffnung.org\/index.php?rest_route=%2Fwp%2Fv2%2Fcomments&post=126"}],"version-history":[{"count":1,"href":"https:\/\/www.gartenderhoffnung.org\/index.php?rest_route=\/wp\/v2\/pages\/126\/revisions"}],"predecessor-version":[{"id":127,"href":"https:\/\/www.gartenderhoffnung.org\/index.php?rest_route=\/wp\/v2\/pages\/126\/revisions\/127"}],"up":[{"embeddable":true,"href":"https:\/\/www.gartenderhoffnung.org\/index.php?rest_route=\/wp\/v2\/pages\/70"}],"wp:attachment":[{"href":"https:\/\/www.gartenderhoffnung.org\/index.php?rest_route=%2Fwp%2Fv2%2Fmedia&parent=126"}],"curies":[{"name":"wp","href":"https:\/\/api.w.org\/{rel}","templated":true}]}}