{"id":133,"date":"2013-12-14T23:21:07","date_gmt":"2013-12-14T21:21:07","guid":{"rendered":"http:\/\/www.gartenderhoffnung.org\/?page_id=133"},"modified":"2013-12-14T23:31:13","modified_gmt":"2013-12-14T21:31:13","slug":"laufende-aktivitaeten","status":"publish","type":"page","link":"https:\/\/www.gartenderhoffnung.org\/?page_id=133","title":{"rendered":"Geschichte"},"content":{"rendered":"<p style=\"text-align: left;\" align=\"center\"><b>Aktivit\u00e4ten, die von 2006 bis 2009 durchgef\u00fchrt wurden<\/b><\/p>\n<p><b>Von 2006 bis 2009 konnten zahlreiche Aktivit\u00e4ten in unserem Betreuungszentrum durchgef\u00fchrt werden; vor allem eine soziale Begleitung der Kinder, auf der eine individuelle Begleitung aufgebaut werden kann, die zu einer besseren Eingliederung der zuk\u00fcnftigen Erwachsenen f\u00fchren soll.<\/b><\/p>\n<p align=\"center\"><b>Hygiene und Gesundheit<\/b><\/p>\n<ul>\n<li>Die Kinder und die Marabouts wurden zum Thema Hygiene und Gesundheit sensibilisiert und erhielten Einf\u00fchrungen.<\/li>\n<li>Die Gesundheit der Kinder wird regelm\u00e4\u00dfig \u00fcberwacht und Behandlungen k\u00f6nnen zeitgerecht durchgef\u00fchrt werden (Kr\u00e4tze, Sumpffieber), so wie auch h\u00e4ufigere Behandlungen (Wunden, Durchfall, usw.). Die Kontinuit\u00e4t wird mehrmals in der Woche durch einen Krankenpfleger gew\u00e4hrleistet.<\/li>\n<li>Einzelne Kampagnen f\u00fcr Spezialbehandlungen werden jedes Jahr mit Hilfe einer Partnerschaft durchgef\u00fchrt (dies geschah mit der zahnmedizinischen Fakult\u00e4t von Rennes, usw.).<\/li>\n<\/ul>\n<p>&nbsp;<\/p>\n<p>Der Gesundheitszustand der Kinder hat sich sichtlich verbessert und sie sind ermutigt, ebenso wie die Marabouts beim Wechsel in diese Richtung weiter zu arbeiten, in dem sie die Lebensbedingungen und die Hygiene in den Daaras verbessern.<\/p>\n<p>&nbsp;<\/p>\n<p align=\"center\"><b>Das Wecken von Interessen, Freizeitbesch\u00e4ftigung und Entspannung<\/b><\/p>\n<p>Das Betreuungszentrum ist auch ein Raum f\u00fcr Entspannung und das Wecken von Interessen f\u00fcr die Kinder, die dabei von Animatoren begleitet werden. Zahlreiche Atelierr\u00e4ume dienen diesem Zweck. Der Hof des Zentrums steht ausschlie\u00dflich allen Kindern zu Spiel und Spa\u00df zur Verf\u00fcgung. Er ist Fu\u00dfballplatz, Basketballfeld, Maleratelier\u2026. Ein Raum nur f\u00fcr die Kinder.<\/p>\n<p>Die Erzieher h\u00f6ren den Kindern zu, die sich in schwierigen Situationen befinden oder jenen, die um Aufmerksamkeit und Geh\u00f6r bitten.<\/p>\n<p>&nbsp;<\/p>\n<p style=\"text-align: left;\" align=\"center\"><b>Alphabetisierung \u2013 Ausbildung \u2013 Eingliederung<\/b><\/p>\n<p>Der Verein bietet Kurse in franz\u00f6sischer Alphabetisierung f\u00fcr alle Altersgruppen an. Als Beispiel f\u00fcr die Zusammenarbeit mit den Marabouts werden diese Kurse nur an jenen Tagen angeboten, an denen kein Koran-Unterricht in den Daaras stattfindet. So wird die Zahl der Kinder begrenzt, die mangels an Besch\u00e4ftigung in den Stra\u00dfen verbleiben. Die Alphabetisierungskurse finden bei den Kindern und den Marabouts gro\u00dfen Anklang, da sie sich bewusst sind, dass dies f\u00fcr ihre berufliche Zukunft erforderlich ist.<\/p>\n<p>Au\u00dferdem profitieren die Kinder der Umgebung von der schulischen Unterst\u00fctzung, die im Zentrum gew\u00e4hrt wird. Dies dient nicht nur dem Zweck Begegnungen zwischen den Tablib\u00e9-Kindern und den Kindern der Umgebung zu f\u00f6rdern, sondern auch um die Talib\u00e9s von den herrschenden Vorurteilen zu befreien.<\/p>\n<p>Wir m\u00f6chten andere Formen von Ausbildung f\u00fcr die \u00e4lteren Talib\u00e9s entwickeln, damit sie <b>die gleichen Chancen f\u00fcr eine Eingliederung bekommen, wie die j\u00fcngeren. <\/b><\/p>\n<p>Der Erzieher steht dem Kind auch zur Verf\u00fcgung, um es bei der Festlegung seines Lebensprojektes zu begleiten und mit ihm am Erfolg dieses Projektes zu arbeiten.<\/p>\n<p style=\"text-align: left;\" align=\"center\"><b>Laufende Aktivit\u00e4ten<\/b><\/p>\n<p><b>Da uns zur Zeit ein Raum fehlt, k\u00f6nnen wir nicht alle erforderlichen Aktivit\u00e4ten einer individuellen hochqualifizierten Begleitung durchf\u00fchren, aber in Erwartung eines Neustarts unserer gesamten Aktivit\u00e4ten, gew\u00e4hrleisten wir alle Aktivit\u00e4ten, die sich vor Ort durchf\u00fchren lassen, um die Beziehungen zu den Kindern und den Marabouts aufrecht zu erhalten, aber auch, um einen minimalen Service f\u00fcr alle unsere Anliegen zu sichern. <\/b><\/p>\n<p style=\"text-align: left;\" align=\"center\"><b>\u00a0Hygiene und Gesundheit<\/b><\/p>\n<ul>\n<li><b>Die Sensibilisierung und Information \u00fcber Hygiene und Gesundheit in den Daaras<\/b><\/li>\n<li><b>Aufnahme und Orientierung f\u00fcr die Kinder, die eine Behandlung ben\u00f6tigen zu den zust\u00e4ndigen Stellen und die Begleitung dorthin<\/b><\/li>\n<li><b>Die Durchf\u00fchrung von genau definierten Kampagnen und Spezialversorgung in Zusammenarbeit mit anderen Partnern<\/b><\/li>\n<\/ul>\n<p><b>Die Gesundheit der Kinder hat sich sichtbar verbessert und sie sind ermutigt, ebenso wie die Marabouts <\/b>beim Wechsel in diese Richtung weiter zu arbeiten, in dem sie die Lebensbedingungen und die Hygiene in den Daaras verbessern.<\/p>\n<p style=\"text-align: left;\" align=\"center\"><b>Das Wecken von Interessen, Freizeitbesch\u00e4ftigung und Entspannung<\/b><\/p>\n<p>Durch das Fehlen eines Betreuungszentrums legen wir den Akzent auf die sportlichen Aktivit\u00e4ten, die im Freien ausge\u00fcbt werden k\u00f6nnen, um so die Bindung zu den Talib\u00e9s Kindern aufrecht zu erhalten, und gleichzeitig einen Kontakt zu den Kindern der Umgebung herzustellen.<\/p>\n<p>So organisieren wir regelm\u00e4\u00dfig Fu\u00dfballspiele, um die Beziehung zu den Kindern zu erhalten und die sozialen Schichten der Jungen zu vermischen.<\/p>\n<p style=\"text-align: left;\" align=\"center\"><b>Ausbildung \u2013 Eingliederung<\/b><\/p>\n<p>Seit dem Verlust unseres Zentrums haben sich unsere Ausbildungsaktivit\u00e4ten ebenfalls verringert. Dessen ungeachtet k\u00f6nnen einige immer noch stattfinden. Wir k\u00f6nnen die Kinder und interessierte Jugendliche in Werkst\u00e4tten bringen, in denen ein Teil ihrer beruflichen Ausbildung gew\u00e4hrleistet wird.<\/p>\n<p>Entsprechend dem Lebensziel jedes Kindes oder jedes von uns begleiteten \u00a0Jugendlichen aber leider auch entsprechend den uns zur Zeit zur Verf\u00fcgung stehenden Mitteln, k\u00f6nnen wir die Jugendlichen zu den Werkst\u00e4tten bringen, damit sie dort Lehrlinge sein k\u00f6nnen. (Mechaniker, Tischler, Schneider usw.) und manchmal, wenn ihre Lehre abgeschlossen ist, k\u00f6nnen wir ihnen das N\u00f6tigste liefern, um eine eigene Aktivit\u00e4t zu beginnen (eine N\u00e4hmaschine z.B.) .<\/p>\n<p>Der Erfolg dieser Aktivit\u00e4ten h\u00e4ngt nicht nur von unseren finanziellen Mitteln ab, sondern auch von unseren F\u00e4higkeiten diese jungen Menschen langfristig bei ihrem Projekt zu begleiten.<\/p>\n<p>Die dauerhafte Eingliederung der Talib\u00e9s in unsere Gesellschaft, ist unser gr\u00f6\u00dftes Anliegen, denn es handelt sich um das beste Mittel, um eine Verbesserung ihrer Lebensbedingungen zu erreichen. Die anderen Aktivit\u00e4ten, als da sind dringende Sozialhilfe (Gesundheit, Ern\u00e4hrung) und die Anbindung durch Spiel und Sport sind \u2013 unter anderem \u2013 die Br\u00fccken zu einer Begleitung in die soziale und berufliche Eingliederung.<\/p>\n<p style=\"text-align: left;\" align=\"center\"><b>Erziehung zur Staatsb\u00fcrgerschaft<\/b><\/p>\n<p>Als eine \u00fcbergreifende Aktivit\u00e4t ist die Erziehung zur Staatsb\u00fcrgerschaft eines unser gro\u00dfen Anliegen, an dem wir mit unseren anderen Aktivit\u00e4ten (Erziehung, Bildung, Eingliederung, Sensibilisierung, Spiel und Sport..) arbeiten. Es handelt sich darum, die Talib\u00e9-Kinder zu einer guten Integration und ein Einbringen in die senegalesische Gesellschaft zu begleiten.<\/p>\n<p>Die Erziehung zur Staatsb\u00fcgrerschaft erlaubt es Themen wie Demokratie, Menschenrechte, die F\u00f6rderung des sozialen Friedens, das Zusammenleben anzusprechen. Diese Themen erarbeiten wir mit den Talib\u00e9s, aber auch gemeinsam mit den Kindern der Umgebung. Aber auch im Austausch und mit der Mediation der \u00d6ffentlichkeit erarbeitet sich diese Thematik.<\/p>\n","protected":false},"excerpt":{"rendered":"<p>Aktivit\u00e4ten, die von 2006 bis 2009 durchgef\u00fchrt wurden Von 2006 bis 2009 konnten zahlreiche Aktivit\u00e4ten in unserem Betreuungszentrum durchgef\u00fchrt werden; vor allem eine soziale Begleitung der Kinder, auf der eine individuelle Begleitung aufgebaut werden kann, die zu einer besseren Eingliederung der zuk\u00fcnftigen Erwachsenen f\u00fchren soll. Hygiene und Gesundheit Die Kinder und die Marabouts wurden zum &hellip; <a href=\"https:\/\/www.gartenderhoffnung.org\/?page_id=133\" class=\"more-link\"><span class=\"screen-reader-text\">Geschichte<\/span> weiterlesen <span class=\"meta-nav\">&rarr;<\/span><\/a><\/p>\n","protected":false},"author":1,"featured_media":0,"parent":70,"menu_order":0,"comment_status":"closed","ping_status":"closed","template":"","meta":[],"_links":{"self":[{"href":"https:\/\/www.gartenderhoffnung.org\/index.php?rest_route=\/wp\/v2\/pages\/133"}],"collection":[{"href":"https:\/\/www.gartenderhoffnung.org\/index.php?rest_route=\/wp\/v2\/pages"}],"about":[{"href":"https:\/\/www.gartenderhoffnung.org\/index.php?rest_route=\/wp\/v2\/types\/page"}],"author":[{"embeddable":true,"href":"https:\/\/www.gartenderhoffnung.org\/index.php?rest_route=\/wp\/v2\/users\/1"}],"replies":[{"embeddable":true,"href":"https:\/\/www.gartenderhoffnung.org\/index.php?rest_route=%2Fwp%2Fv2%2Fcomments&post=133"}],"version-history":[{"count":4,"href":"https:\/\/www.gartenderhoffnung.org\/index.php?rest_route=\/wp\/v2\/pages\/133\/revisions"}],"predecessor-version":[{"id":146,"href":"https:\/\/www.gartenderhoffnung.org\/index.php?rest_route=\/wp\/v2\/pages\/133\/revisions\/146"}],"up":[{"embeddable":true,"href":"https:\/\/www.gartenderhoffnung.org\/index.php?rest_route=\/wp\/v2\/pages\/70"}],"wp:attachment":[{"href":"https:\/\/www.gartenderhoffnung.org\/index.php?rest_route=%2Fwp%2Fv2%2Fmedia&parent=133"}],"curies":[{"name":"wp","href":"https:\/\/api.w.org\/{rel}","templated":true}]}}