{"id":1345,"date":"2021-11-17T18:02:48","date_gmt":"2021-11-17T16:02:48","guid":{"rendered":"http:\/\/www.gartenderhoffnung.org\/?page_id=1345"},"modified":"2021-11-17T18:27:40","modified_gmt":"2021-11-17T16:27:40","slug":"unterstuetzen-sie-den-verein-jardin-despoir","status":"publish","type":"page","link":"https:\/\/www.gartenderhoffnung.org\/?page_id=1345","title":{"rendered":"UNTERST\u00dcTZEN SIE DEN VEREIN \u2018\u2019JARDIN D\u2019ESPOIR\u2019\u2019"},"content":{"rendered":"\r\n<p><strong>F\u00dcR DIE AUSSTATTUNG DES TAGESZENTRUMS \u2018\u2019<em>K\u00cbR SABRINA<\/em>\u2019\u2019<\/strong><\/p>\r\n\r\n\r\n\r\n<p><strong>Sehr geehrte Damen und Herren!<\/strong><\/p>\r\n\r\n\r\n\r\n<p><strong>Liebe Unterst\u00fctzerInnen\u00a0!<\/strong><\/p>\r\n\r\n\r\n\r\n<p>Im Rahmen seines Projekts zur Bildung, Ausbildung und sozialen Integration von Talib\u00e9-Kindern hat der Verein Jardin d&#8217;Espoir S\u00e9n\u00e9gal ein neues Tageszentrum, das am 17. April 2019 im Stadtteil Ndiolof\u00e8ne in Saint-Louis offiziell eingeweiht worden ist.<\/p>\r\n\r\n\r\n\r\n<p>Unser Verein, der seit 2006 mit den Koranschulen zusammenarbeitet, erm\u00f6glicht 150 Talib\u00e9s die Teilnahme an einem Programm zur Verbesserung ihrer Lebensbedingungen, n\u00e4mlich<\/p>\r\n\r\n\r\n\r\n<p>&#8211; Alphabetisierungskurse in Franz\u00f6sisch<\/p>\r\n\r\n\r\n\r\n<p>&#8211; Ausbildungsmodule in den Bereichen Gartenarbeit, Tischlerei, N\u00e4hen und Computerschulung<\/p>\r\n\r\n\r\n\r\n<p>&#8211; Prim\u00e4re Gesundheitsversorgung und Ausbildung in der prim\u00e4ren Gesundheitsversorgung<\/p>\r\n\r\n\r\n\r\n<p>&#8211; Ern\u00e4hrung (Verteilung von Mahlzeiten im Tageszentrum und in Koranschulen)<\/p>\r\n\r\n\r\n\r\n<p>&#8211; Sensibilisierung f\u00fcr Kleidung und pers\u00f6nliche Hygiene (gefolgt von der Verteilung von Kleidung)<\/p>\r\n\r\n\r\n\r\n<p>&#8211; Sport- und Freizeitaktivit\u00e4ten (Fu\u00dfball, Tischfu\u00dfball, Ausfl\u00fcge).<\/p>\r\n\r\n\r\n\r\n<p>&#8211; Zus\u00e4tzliche Verpflegung (Fr\u00fchst\u00fcck und Jausenbrote werden im Tageszentrum angeboten)<\/p>\r\n\r\n\r\n\r\n<p>Wir bitten Sie daher um Ihre Unterst\u00fctzung in Form von materieller Ausr\u00fcstung f\u00fcr die oben aufgef\u00fchrten Aktivit\u00e4ten, deren vollst\u00e4ndige Liste beigef\u00fcgt ist:<\/p>\r\n\r\n\r\n\r\n<p>Der Erwerb von Einrichtungsmitteln wird es dem Verein Jardin d&#8217;Espoir S\u00e9n\u00e9gal erm\u00f6glichen, seine Rolle als Avantgardist im Kampf gegen die prek\u00e4re Gesundheit, das Betteln und die Unterern\u00e4hrung der Talib\u00e9s besser wahrzunehmen, so dass diese mehr Zeit f\u00fcr das Lernen und ihre Ausbildung als B\u00fcrger aufwenden k\u00f6nnen.<\/p>\r\n\r\n\r\n\r\n<p>Da wir auf Ihre Verf\u00fcgbarkeit und Ihre Liebe zu benachteiligten Kindern z\u00e4hlen, bitten wir Sie, sehr geehrte Damen und Herren, den Ausdruck unserer ausgezeichneten Gef\u00fchle und unsere besten W\u00fcnsche f\u00fcr ein gl\u00fcckliches neues Jahr entgegenzunehmen.\u00a0<\/p>\r\n\r\n\r\n\r\n<p><strong><u>ASSOCIATION JARDIN D\u00b4ESPOIR SENEGAL \u00a0\u00a0\u00a0\u00a0\u00a0\u00a0<\/u><\/strong><\/p>\r\n\r\n\r\n\r\n<p>VR\/Nr. 00661\/GRSL\/AA vom 21.05.2007<\/p>\r\n\r\n\r\n\r\n<p>Sitz: 12, Rue Leybar, Ndiolof\u00e8ne, Sor, SAINT-LOUIS\/S\u00e9n\u00e9gal<\/p>\r\n\r\n\r\n\r\n<p>Tel.Nr. 00221-339612634\u00a0 Mobil\u00a0: 77 447 84 27\u00a0\u00a0\u00a0 \u2013 \u00a0\u00a0<\/p>\r\n\r\n\r\n\r\n<p>e-Mail\u00a0:\u00a0<a href=\"mailto:jardindespoirsenegal@gmail.com\">jardindespoirsenegal@gmail.com<\/a><\/p>\r\n\r\n\r\n\r\n<p>Bankkonto: Ecobank\/Saint-Louis\u00a0 Nr 141018900901<\/p>\r\n","protected":false},"excerpt":{"rendered":"<p>F\u00dcR DIE AUSSTATTUNG DES TAGESZENTRUMS \u2018\u2019K\u00cbR SABRINA\u2019\u2019 Sehr geehrte Damen und Herren! Liebe Unterst\u00fctzerInnen\u00a0! Im Rahmen seines Projekts zur Bildung, Ausbildung und sozialen Integration von Talib\u00e9-Kindern hat der Verein Jardin d&#8217;Espoir S\u00e9n\u00e9gal ein neues Tageszentrum, das am 17. April 2019 im Stadtteil Ndiolof\u00e8ne in Saint-Louis offiziell eingeweiht worden ist. Unser Verein, der seit 2006 mit &hellip; <a href=\"https:\/\/www.gartenderhoffnung.org\/?page_id=1345\" class=\"more-link\"><span class=\"screen-reader-text\">UNTERST\u00dcTZEN SIE DEN VEREIN \u2018\u2019JARDIN D\u2019ESPOIR\u2019\u2019<\/span> weiterlesen <span class=\"meta-nav\">&rarr;<\/span><\/a><\/p>\n","protected":false},"author":4,"featured_media":1364,"parent":83,"menu_order":0,"comment_status":"closed","ping_status":"closed","template":"","meta":[],"_links":{"self":[{"href":"https:\/\/www.gartenderhoffnung.org\/index.php?rest_route=\/wp\/v2\/pages\/1345"}],"collection":[{"href":"https:\/\/www.gartenderhoffnung.org\/index.php?rest_route=\/wp\/v2\/pages"}],"about":[{"href":"https:\/\/www.gartenderhoffnung.org\/index.php?rest_route=\/wp\/v2\/types\/page"}],"author":[{"embeddable":true,"href":"https:\/\/www.gartenderhoffnung.org\/index.php?rest_route=\/wp\/v2\/users\/4"}],"replies":[{"embeddable":true,"href":"https:\/\/www.gartenderhoffnung.org\/index.php?rest_route=%2Fwp%2Fv2%2Fcomments&post=1345"}],"version-history":[{"count":2,"href":"https:\/\/www.gartenderhoffnung.org\/index.php?rest_route=\/wp\/v2\/pages\/1345\/revisions"}],"predecessor-version":[{"id":1365,"href":"https:\/\/www.gartenderhoffnung.org\/index.php?rest_route=\/wp\/v2\/pages\/1345\/revisions\/1365"}],"up":[{"embeddable":true,"href":"https:\/\/www.gartenderhoffnung.org\/index.php?rest_route=\/wp\/v2\/pages\/83"}],"wp:featuredmedia":[{"embeddable":true,"href":"https:\/\/www.gartenderhoffnung.org\/index.php?rest_route=\/wp\/v2\/media\/1364"}],"wp:attachment":[{"href":"https:\/\/www.gartenderhoffnung.org\/index.php?rest_route=%2Fwp%2Fv2%2Fmedia&parent=1345"}],"curies":[{"name":"wp","href":"https:\/\/api.w.org\/{rel}","templated":true}]}}